{"id":4,"date":"2020-10-21T10:51:56","date_gmt":"2020-10-21T10:51:56","guid":{"rendered":"https:\/\/www.psychotherapie-kelpin.de\/?page_id=4"},"modified":"2024-01-01T11:00:34","modified_gmt":"2024-01-01T11:00:34","slug":"startseite","status":"publish","type":"page","link":"https:\/\/www.psychotherapie-kelpin.de\/","title":{"rendered":"Startseite"},"content":{"rendered":"\n<p>Liebe Besucherin, lieber Besucher,<\/p>\n\n\n\n<p>ich freue mich, Sie auf meiner Website begr\u00fc\u00dfen zu d\u00fcrfen.<\/p>\n\n\n\n<p>Die Praxis befindet sich ab dem 01.01.2024 an einem neuen Standort in der <br><strong>Kavalierstrasse 1a in 13187 Berlin<\/strong>.<\/p>\n\n\n\n<p>Auf den folgenden Seiten k\u00f6nnen Sie sich \u00fcber die Praxis und \u00fcber das Behandlungsangebot informieren.<\/p>\n\n\n\n<p>Wenn Sie dar\u00fcber hinaus Fragen haben oder Ihr Anliegen pers\u00f6nlich besprechen m\u00f6chten, k\u00f6nnen Sie gern mit mir Kontakt aufnehmen.<\/p>\n","protected":false},"excerpt":{"rendered":"<p>Liebe Besucherin, lieber Besucher, ich freue mich, Sie auf meiner Website begr\u00fc\u00dfen zu d\u00fcrfen. Die Praxis befindet sich ab dem 01.01.2024 an einem neuen Standort in der Kavalierstrasse 1a in <a class=\"more-link\" href=\"https:\/\/www.psychotherapie-kelpin.de\/\">Continue Reading &rarr;<\/a><\/p>\n","protected":false},"author":1,"featured_media":0,"parent":0,"menu_order":0,"comment_status":"closed","ping_status":"closed","template":"","meta":[],"_links":{"self":[{"href":"https:\/\/www.psychotherapie-kelpin.de\/index.php?rest_route=\/wp\/v2\/pages\/4"}],"collection":[{"href":"https:\/\/www.psychotherapie-kelpin.de\/index.php?rest_route=\/wp\/v2\/pages"}],"about":[{"href":"https:\/\/www.psychotherapie-kelpin.de\/index.php?rest_route=\/wp\/v2\/types\/page"}],"author":[{"embeddable":true,"href":"https:\/\/www.psychotherapie-kelpin.de\/index.php?rest_route=\/wp\/v2\/users\/1"}],"replies":[{"embeddable":true,"href":"https:\/\/www.psychotherapie-kelpin.de\/index.php?rest_route=%2Fwp%2Fv2%2Fcomments&post=4"}],"version-history":[{"count":2,"href":"https:\/\/www.psychotherapie-kelpin.de\/index.php?rest_route=\/wp\/v2\/pages\/4\/revisions"}],"predecessor-version":[{"id":69,"href":"https:\/\/www.psychotherapie-kelpin.de\/index.php?rest_route=\/wp\/v2\/pages\/4\/revisions\/69"}],"wp:attachment":[{"href":"https:\/\/www.psychotherapie-kelpin.de\/index.php?rest_route=%2Fwp%2Fv2%2Fmedia&parent=4"}],"curies":[{"name":"wp","href":"https:\/\/api.w.org\/{rel}","templated":true}]}}